{"id":659,"date":"2025-05-19T11:44:45","date_gmt":"2025-05-19T09:44:45","guid":{"rendered":"https:\/\/felton.es\/?post_type=product&#038;p=659"},"modified":"2025-05-19T11:51:23","modified_gmt":"2025-05-19T09:51:23","slug":"galvanizado-oro","status":"publish","type":"product","link":"https:\/\/felton.es\/index.php\/producto\/galvanizado-oro\/","title":{"rendered":"GALVANIZADO ORO"},"content":{"rendered":"<div class=\"wpb-content-wrapper\"><p>[vc_row][vc_column width=\u00bb1\/2&#8243;][\/vc_column][vc_column width=\u00bb1\/3&#8243;][vc_custom_heading text=\u00bbDESCRIPCI\u00d3N\u00bb][vc_column_text]Galvanizado en fr\u00edo de secado r\u00e1pido. Protege las superficies met\u00e1licas contra la corrosi\u00f3n. Detiene la oxidaci\u00f3n en sus inicios. Producto especial para la protecci\u00f3n de soldaduras y metales con peligro de corrosi\u00f3n. V\u00e1lvula especial autolimpiable.[\/vc_column_text][vc_custom_heading text=\u00bbFORMATO\u00bb]\n    <div class=\"formats\">\n    <div class=\"vc_col-sm-12\">\n    \n\t\t\t<img decoding=\"async\" src=\"\/icones-productes\/formats\/400.png\" class=\"attachment-full\" alt=\"400\" title=\"400\" width=\"25%\">\n\t\t\n\t\t<div class=\"vc_empty_space\" style=\"height: 24px\">\n\t\t\t<span class=\"vc_empty_space_inner\"><\/span>\n\t\t<\/div>\n\t<\/div><\/div>[vc_custom_heading text=\u00bbCARACTER\u00cdSTICAS\u00bb]\n    <div class=\"caracteristiques\">\n    <div class=\"vc_col-sm-12\">\n    \n\t\t\t<img decoding=\"async\" src=\"\/icones-productes\/caracteristiques\/calidad.png\" class=\"attachment-full\" alt=\"calidad\" title=\"calidad\" width=\"25%\">\n\t\t\t<img decoding=\"async\" src=\"\/icones-productes\/caracteristiques\/secado.png\" class=\"attachment-full\" alt=\"secado\" title=\"secado\" width=\"25%\">\n\t\t<div class=\"vc_empty_space\" style=\"height: 24px\">\n\t\t\t<span class=\"vc_empty_space_inner\"><\/span>\n\t\t<\/div>\n\t<\/div><\/div>[\/vc_column][\/vc_row][vc_row full_width=\u00bbstretch_row\u00bb css=\u00bb.vc_custom_1525907182017{background-color: #f3f3f2 !important;}\u00bb][vc_column width=\u00bb1\/2&#8243;][vc_custom_heading text=\u00bbCOLORES DISPONIBLES\u00bb]\n    <div class=\"colors\">\n    <div class=\"vc_col-sm-12\">\n    <img decoding=\"async\" src=\"\/icones-productes\/colors\/COLOR_-M-ORO.png\" class=\"attachment-full\" alt=\"COLOR_-M-ORO.png\" title=\"-M-ORO\" width=\"19%\" style=\"padding-bottom: 5px; padding-left: 8px;\">\n\t\t<div class=\"vc_empty_space\" style=\"height: 24px\">\n\t\t\t<span class=\"vc_empty_space_inner\"><\/span>\n\t\t<\/div>\n\t<\/div><\/div>[\/vc_column][vc_column width=\u00bb1\/2&#8243;][vc_custom_heading text=\u00bbTABLA DE CODIGOS\u00bb][vc_single_image image=\u00bb660&#8243; img_size=\u00bbfull\u00bb css=\u00bb\u00bb][\/vc_column][\/vc_row]<\/p>\n<\/div>","protected":false},"excerpt":{"rendered":"<p>[vc_row][vc_column width=\u00bb1\/2&#8243;][\/vc_column][vc_column width=\u00bb1\/3&#8243;][vc_custom_heading text=\u00bbDESCRIPCI\u00d3N\u00bb][vc_column_text]Galvanizado en fr\u00edo de secado r\u00e1pido. Protege las superficies met\u00e1licas contra la corrosi\u00f3n. Detiene la oxidaci\u00f3n en sus inicios. Producto especial para la protecci\u00f3n de soldaduras y metales con peligro de corrosi\u00f3n. V\u00e1lvula especial autolimpiable.[\/vc_column_text][vc_custom_heading text=\u00bbFORMATO\u00bb][vc_custom_heading text=\u00bbCARACTER\u00cdSTICAS\u00bb][\/vc_column][\/vc_row][vc_row full_width=\u00bbstretch_row\u00bb css=\u00bb.vc_custom_1525907182017{background-color: #f3f3f2 !important;}\u00bb][vc_column width=\u00bb1\/2&#8243;][vc_custom_heading text=\u00bbCOLORES DISPONIBLES\u00bb][\/vc_column][vc_column width=\u00bb1\/2&#8243;][vc_custom_heading text=\u00bbTABLA DE CODIGOS\u00bb][vc_single_image image=\u00bb660&#8243; img_size=\u00bbfull\u00bb css=\u00bb\u00bb][\/vc_column][\/vc_row]<\/p>\n","protected":false},"featured_media":661,"template":"","meta":{"_acf_changed":false},"product_brand":[],"product_cat":[27],"product_tag":[],"class_list":{"0":"post-659","1":"product","2":"type-product","3":"status-publish","4":"has-post-thumbnail","6":"product_cat-galvanizado","8":"first","9":"instock","10":"shipping-taxable","11":"product-type-simple"},"acf":[],"_links":{"self":[{"href":"https:\/\/felton.es\/index.php\/wp-json\/wp\/v2\/product\/659","targetHints":{"allow":["GET"]}}],"collection":[{"href":"https:\/\/felton.es\/index.php\/wp-json\/wp\/v2\/product"}],"about":[{"href":"https:\/\/felton.es\/index.php\/wp-json\/wp\/v2\/types\/product"}],"wp:featuredmedia":[{"embeddable":true,"href":"https:\/\/felton.es\/index.php\/wp-json\/wp\/v2\/media\/661"}],"wp:attachment":[{"href":"https:\/\/felton.es\/index.php\/wp-json\/wp\/v2\/media?parent=659"}],"wp:term":[{"taxonomy":"product_brand","embeddable":true,"href":"https:\/\/felton.es\/index.php\/wp-json\/wp\/v2\/product_brand?post=659"},{"taxonomy":"product_cat","embeddable":true,"href":"https:\/\/felton.es\/index.php\/wp-json\/wp\/v2\/product_cat?post=659"},{"taxonomy":"product_tag","embeddable":true,"href":"https:\/\/felton.es\/index.php\/wp-json\/wp\/v2\/product_tag?post=659"}],"curies":[{"name":"wp","href":"https:\/\/api.w.org\/{rel}","templated":true}]}}