{"id":277,"date":"2018-05-15T15:18:58","date_gmt":"2018-05-15T15:18:58","guid":{"rendered":"http:\/\/felton.es\/?post_type=product&#038;p=277"},"modified":"2025-05-19T12:27:16","modified_gmt":"2025-05-19T10:27:16","slug":"fill-one-automatic","status":"publish","type":"product","link":"https:\/\/felton.es\/index.php\/producto\/fill-one-automatic\/","title":{"rendered":"FILL-ONE AUTOMATIC"},"content":{"rendered":"<div class=\"wpb-content-wrapper\"><p>[vc_row][vc_column width=\u00bb1\/2&#8243;][\/vc_column][vc_column width=\u00bb1\/3&#8243;][vc_custom_heading text=\u00bbDESCRIPCI\u00d3N\u00bb][vc_column_text]Funcionamiento totalmente neum\u00e1tico a partir de una alimentaci\u00f3n de aire a 6 Bar. Para el llenado de aerosoles con las m\u00e1quinas Fill-One, es imprescindible el uso de Tap\u00f3n y disco de llenado. No necesita limpieza. Plataforma de apoyo ajustable al envase.[\/vc_column_text]\n    <div class=\"formats\">\n    <div class=\"vc_col-sm-12\">\n    \n\t\t\t<img decoding=\"async\" src=\"\/icones-productes\/formats\/.png\" class=\"attachment-full\" alt=\"\" title=\"\" width=\"25%\">\n\t\t\n\t\t<div class=\"vc_empty_space\" style=\"height: 24px\">\n\t\t\t<span class=\"vc_empty_space_inner\"><\/span>\n\t\t<\/div>\n\t<\/div><\/div>\n    <div class=\"caracteristiques\">\n    <div class=\"vc_col-sm-12\">\n    \n\t\t\t<img decoding=\"async\" src=\"\/icones-productes\/caracteristiques\/.png\" class=\"attachment-full\" alt=\"\" title=\"\" width=\"25%\">\n\t\t<div class=\"vc_empty_space\" style=\"height: 24px\">\n\t\t\t<span class=\"vc_empty_space_inner\"><\/span>\n\t\t<\/div>\n\t<\/div><\/div>[\/vc_column][\/vc_row][vc_row full_width=\u00bbstretch_row\u00bb css=\u00bb.vc_custom_1525907182017{background-color: #f3f3f2 !important;}\u00bb][vc_column width=\u00bb1\/2&#8243;]\n    <div class=\"colors\">\n    <div class=\"vc_col-sm-12\">\n    <img decoding=\"async\" src=\"\/icones-productes\/colors\/\" class=\"attachment-full\" alt=\"\" title=\"\" width=\"19%\" style=\"padding-bottom: 5px; padding-left: 8px;\">\n\t\t<div class=\"vc_empty_space\" style=\"height: 24px\">\n\t\t\t<span class=\"vc_empty_space_inner\"><\/span>\n\t\t<\/div>\n\t<\/div><\/div>[\/vc_column][vc_column width=\u00bb1\/2&#8243;][vc_custom_heading text=\u00bbTABLA DE CODIGOS\u00bb][vc_single_image image=\u00bb403&#8243; img_size=\u00bbfull\u00bb][\/vc_column][\/vc_row]<\/p>\n<\/div>","protected":false},"excerpt":{"rendered":"<p>[vc_row][vc_column width=\u00bb1\/2&#8243;][\/vc_column][vc_column width=\u00bb1\/3&#8243;][vc_custom_heading text=\u00bbDESCRIPCI\u00d3N\u00bb][vc_column_text]Funcionamiento totalmente neum\u00e1tico a partir de una alimentaci\u00f3n de aire a 6 Bar. Para el llenado de aerosoles con las m\u00e1quinas Fill-One, es imprescindible el uso de Tap\u00f3n y disco de llenado. No necesita limpieza. Plataforma de apoyo ajustable al envase.[\/vc_column_text][\/vc_column][\/vc_row][vc_row full_width=\u00bbstretch_row\u00bb css=\u00bb.vc_custom_1525907182017{background-color: #f3f3f2 !important;}\u00bb][vc_column width=\u00bb1\/2&#8243;][\/vc_column][vc_column width=\u00bb1\/2&#8243;][vc_custom_heading text=\u00bbTABLA DE CODIGOS\u00bb][vc_single_image image=\u00bb403&#8243; img_size=\u00bbfull\u00bb][\/vc_column][\/vc_row]<\/p>\n","protected":false},"featured_media":673,"template":"","meta":{"_acf_changed":false},"product_brand":[],"product_cat":[26],"product_tag":[],"class_list":{"0":"post-277","1":"product","2":"type-product","3":"status-publish","4":"has-post-thumbnail","6":"product_cat-easy-color","8":"first","9":"instock","10":"shipping-taxable","11":"product-type-simple"},"acf":[],"_links":{"self":[{"href":"https:\/\/felton.es\/index.php\/wp-json\/wp\/v2\/product\/277","targetHints":{"allow":["GET"]}}],"collection":[{"href":"https:\/\/felton.es\/index.php\/wp-json\/wp\/v2\/product"}],"about":[{"href":"https:\/\/felton.es\/index.php\/wp-json\/wp\/v2\/types\/product"}],"wp:featuredmedia":[{"embeddable":true,"href":"https:\/\/felton.es\/index.php\/wp-json\/wp\/v2\/media\/673"}],"wp:attachment":[{"href":"https:\/\/felton.es\/index.php\/wp-json\/wp\/v2\/media?parent=277"}],"wp:term":[{"taxonomy":"product_brand","embeddable":true,"href":"https:\/\/felton.es\/index.php\/wp-json\/wp\/v2\/product_brand?post=277"},{"taxonomy":"product_cat","embeddable":true,"href":"https:\/\/felton.es\/index.php\/wp-json\/wp\/v2\/product_cat?post=277"},{"taxonomy":"product_tag","embeddable":true,"href":"https:\/\/felton.es\/index.php\/wp-json\/wp\/v2\/product_tag?post=277"}],"curies":[{"name":"wp","href":"https:\/\/api.w.org\/{rel}","templated":true}]}}