{"id":270,"date":"2018-05-15T15:13:54","date_gmt":"2018-05-15T15:13:54","guid":{"rendered":"http:\/\/felton.es\/?post_type=product&#038;p=270"},"modified":"2023-11-28T19:11:43","modified_gmt":"2023-11-28T17:11:43","slug":"masilla","status":"publish","type":"product","link":"https:\/\/felton.es\/index.php\/producto\/masilla\/","title":{"rendered":"MASILLA"},"content":{"rendered":"<div class=\"wpb-content-wrapper\"><p>[vc_row][vc_column width=\u00bb1\/2&#8243;][\/vc_column][vc_column width=\u00bb1\/3&#8243;][vc_custom_heading text=\u00bbDESCRIPCI\u00d3N\u00bb][vc_column_text]MASILLA FIBRA DE VIDRIO: Masilla a base de resina de poliester y cargas especiales como fibra de vidrio. Para la reparaci\u00f3n de grandes desperfectos, donde se precisa una carga importante, y para la reparaci\u00f3n de base de vetroresina, como por ejemplo isot\u00e9rmicos. F\u00e1cil lijado. Color gris verdoso. Presentaci\u00f3n: 250gr y 775gr.<\/p>\n<p>MASILLA POLIESTER MET\u00c1LICA: Masilla universal flexible, estudiada espec\u00edficamente para masillar l\u00e1minas zincadas y acero. Para rellenos medios y capas finas. Color crema. Presentaci\u00f3n: 350gr y 1kg<\/p>\n<p>MASILLA PARA PL\u00c1STICOS: Masilla de poliester insaturado muy flexible. Concebida para la reparaci\u00f3n de cualquier pl\u00e1stico utilizado en carrocer\u00eda, especialmente parachoques. Color gris antracita que facilita su posterior cubrici\u00f3n. Este producto no es adecuado para el encolado de piezas. Presentaci\u00f3n: 500gr[\/vc_column_text]\n    <div class=\"formats\">\n    <div class=\"vc_col-sm-12\">\n    \n\t\t\t<img decoding=\"async\" src=\"\/icones-productes\/formats\/.png\" class=\"attachment-full\" alt=\"\" title=\"\" width=\"25%\">\n\t\t\n\t\t<div class=\"vc_empty_space\" style=\"height: 24px\">\n\t\t\t<span class=\"vc_empty_space_inner\"><\/span>\n\t\t<\/div>\n\t<\/div><\/div>\n    <div class=\"caracteristiques\">\n    <div class=\"vc_col-sm-12\">\n    \n\t\t\t<img decoding=\"async\" src=\"\/icones-productes\/caracteristiques\/.png\" class=\"attachment-full\" alt=\"\" title=\"\" width=\"25%\">\n\t\t<div class=\"vc_empty_space\" style=\"height: 24px\">\n\t\t\t<span class=\"vc_empty_space_inner\"><\/span>\n\t\t<\/div>\n\t<\/div><\/div>[\/vc_column][\/vc_row][vc_row full_width=\u00bbstretch_row\u00bb css=\u00bb.vc_custom_1525907182017{background-color: #f3f3f2 !important;}\u00bb][vc_column width=\u00bb1\/2&#8243;]\n    <div class=\"colors\">\n    <div class=\"vc_col-sm-12\">\n    <img decoding=\"async\" src=\"\/icones-productes\/colors\/\" class=\"attachment-full\" alt=\"\" title=\"\" width=\"19%\" style=\"padding-bottom: 5px; padding-left: 8px;\">\n\t\t<div class=\"vc_empty_space\" style=\"height: 24px\">\n\t\t\t<span class=\"vc_empty_space_inner\"><\/span>\n\t\t<\/div>\n\t<\/div><\/div>[\/vc_column][vc_column width=\u00bb1\/2&#8243;][vc_custom_heading text=\u00bbTABLA DE CODIGOS\u00bb][vc_single_image image=\u00bb272&#8243; img_size=\u00bbfull\u00bb][\/vc_column][\/vc_row]<\/p>\n<\/div>","protected":false},"excerpt":{"rendered":"<p>[vc_row][vc_column width=\u00bb1\/2&#8243;][\/vc_column][vc_column width=\u00bb1\/3&#8243;][vc_custom_heading text=\u00bbDESCRIPCI\u00d3N\u00bb][vc_column_text]MASILLA FIBRA DE VIDRIO: Masilla a base de resina de poliester y cargas especiales como fibra de vidrio. Para la reparaci\u00f3n de grandes desperfectos, donde se precisa una carga importante, y para la reparaci\u00f3n de base de vetroresina, como por ejemplo isot\u00e9rmicos. F\u00e1cil lijado. Color gris verdoso. Presentaci\u00f3n: 250gr y 775gr. MASILLA [&hellip;]<\/p>\n","protected":false},"featured_media":271,"template":"","meta":{"_acf_changed":false},"product_brand":[],"product_cat":[18],"product_tag":[],"class_list":{"0":"post-270","1":"product","2":"type-product","3":"status-publish","4":"has-post-thumbnail","6":"product_cat-industrial","8":"first","9":"instock","10":"shipping-taxable","11":"product-type-simple"},"acf":[],"_links":{"self":[{"href":"https:\/\/felton.es\/index.php\/wp-json\/wp\/v2\/product\/270","targetHints":{"allow":["GET"]}}],"collection":[{"href":"https:\/\/felton.es\/index.php\/wp-json\/wp\/v2\/product"}],"about":[{"href":"https:\/\/felton.es\/index.php\/wp-json\/wp\/v2\/types\/product"}],"wp:featuredmedia":[{"embeddable":true,"href":"https:\/\/felton.es\/index.php\/wp-json\/wp\/v2\/media\/271"}],"wp:attachment":[{"href":"https:\/\/felton.es\/index.php\/wp-json\/wp\/v2\/media?parent=270"}],"wp:term":[{"taxonomy":"product_brand","embeddable":true,"href":"https:\/\/felton.es\/index.php\/wp-json\/wp\/v2\/product_brand?post=270"},{"taxonomy":"product_cat","embeddable":true,"href":"https:\/\/felton.es\/index.php\/wp-json\/wp\/v2\/product_cat?post=270"},{"taxonomy":"product_tag","embeddable":true,"href":"https:\/\/felton.es\/index.php\/wp-json\/wp\/v2\/product_tag?post=270"}],"curies":[{"name":"wp","href":"https:\/\/api.w.org\/{rel}","templated":true}]}}