{"id":267,"date":"2018-05-15T15:11:39","date_gmt":"2018-05-15T15:11:39","guid":{"rendered":"http:\/\/felton.es\/?post_type=product&#038;p=267"},"modified":"2023-11-28T19:11:31","modified_gmt":"2023-11-28T17:11:31","slug":"convertidor-de-oxido","status":"publish","type":"product","link":"https:\/\/felton.es\/index.php\/producto\/convertidor-de-oxido\/","title":{"rendered":"CONVERTIDOR DE \u00d3XIDO"},"content":{"rendered":"<div class=\"wpb-content-wrapper\"><p>[vc_row][vc_column width=\u00bb1\/2&#8243;][\/vc_column][vc_column width=\u00bb1\/3&#8243;][vc_custom_heading text=\u00bbDESCRIPCI\u00d3N\u00bb][vc_column_text]Tratamiento l\u00edquido contra el \u00f3xido. Elimina el \u00f3xido de la superficie a pintar convirti\u00e9ndolo en una capa negra protectora que previene cualquier oxidaci\u00f3n posterior. La superficie a pintar deber\u00e1 estar seca y exenta de polvo y grasa. Aplicar de dos a tres capas de convertidor, dejando secar cada una de ellas. Despu\u00e9s aplicar el acabado deseado. Convertidor Felton no es acabado final. Interior-Exterior.[\/vc_column_text]\n    <div class=\"formats\">\n    <div class=\"vc_col-sm-12\">\n    \n\t\t\t<img decoding=\"async\" src=\"\/icones-productes\/formats\/.png\" class=\"attachment-full\" alt=\"\" title=\"\" width=\"25%\">\n\t\t\n\t\t<div class=\"vc_empty_space\" style=\"height: 24px\">\n\t\t\t<span class=\"vc_empty_space_inner\"><\/span>\n\t\t<\/div>\n\t<\/div><\/div>\n    <div class=\"caracteristiques\">\n    <div class=\"vc_col-sm-12\">\n    \n\t\t\t<img decoding=\"async\" src=\"\/icones-productes\/caracteristiques\/.png\" class=\"attachment-full\" alt=\"\" title=\"\" width=\"25%\">\n\t\t<div class=\"vc_empty_space\" style=\"height: 24px\">\n\t\t\t<span class=\"vc_empty_space_inner\"><\/span>\n\t\t<\/div>\n\t<\/div><\/div>[\/vc_column][\/vc_row][vc_row full_width=\u00bbstretch_row\u00bb css=\u00bb.vc_custom_1525907182017{background-color: #f3f3f2 !important;}\u00bb][vc_column width=\u00bb1\/2&#8243;]\n    <div class=\"colors\">\n    <div class=\"vc_col-sm-12\">\n    <img decoding=\"async\" src=\"\/icones-productes\/colors\/\" class=\"attachment-full\" alt=\"\" title=\"\" width=\"19%\" style=\"padding-bottom: 5px; padding-left: 8px;\">\n\t\t<div class=\"vc_empty_space\" style=\"height: 24px\">\n\t\t\t<span class=\"vc_empty_space_inner\"><\/span>\n\t\t<\/div>\n\t<\/div><\/div>[\/vc_column][vc_column width=\u00bb1\/2&#8243;][\/vc_column][\/vc_row]<\/p>\n<\/div>","protected":false},"excerpt":{"rendered":"<p>[vc_row][vc_column width=\u00bb1\/2&#8243;][\/vc_column][vc_column width=\u00bb1\/3&#8243;][vc_custom_heading text=\u00bbDESCRIPCI\u00d3N\u00bb][vc_column_text]Tratamiento l\u00edquido contra el \u00f3xido. Elimina el \u00f3xido de la superficie a pintar convirti\u00e9ndolo en una capa negra protectora que previene cualquier oxidaci\u00f3n posterior. La superficie a pintar deber\u00e1 estar seca y exenta de polvo y grasa. Aplicar de dos a tres capas de convertidor, dejando secar cada una de ellas. Despu\u00e9s [&hellip;]<\/p>\n","protected":false},"featured_media":269,"template":"","meta":{"_acf_changed":false},"product_brand":[],"product_cat":[18],"product_tag":[],"class_list":{"0":"post-267","1":"product","2":"type-product","3":"status-publish","4":"has-post-thumbnail","6":"product_cat-industrial","8":"first","9":"instock","10":"shipping-taxable","11":"product-type-simple"},"acf":[],"_links":{"self":[{"href":"https:\/\/felton.es\/index.php\/wp-json\/wp\/v2\/product\/267","targetHints":{"allow":["GET"]}}],"collection":[{"href":"https:\/\/felton.es\/index.php\/wp-json\/wp\/v2\/product"}],"about":[{"href":"https:\/\/felton.es\/index.php\/wp-json\/wp\/v2\/types\/product"}],"wp:featuredmedia":[{"embeddable":true,"href":"https:\/\/felton.es\/index.php\/wp-json\/wp\/v2\/media\/269"}],"wp:attachment":[{"href":"https:\/\/felton.es\/index.php\/wp-json\/wp\/v2\/media?parent=267"}],"wp:term":[{"taxonomy":"product_brand","embeddable":true,"href":"https:\/\/felton.es\/index.php\/wp-json\/wp\/v2\/product_brand?post=267"},{"taxonomy":"product_cat","embeddable":true,"href":"https:\/\/felton.es\/index.php\/wp-json\/wp\/v2\/product_cat?post=267"},{"taxonomy":"product_tag","embeddable":true,"href":"https:\/\/felton.es\/index.php\/wp-json\/wp\/v2\/product_tag?post=267"}],"curies":[{"name":"wp","href":"https:\/\/api.w.org\/{rel}","templated":true}]}}