{"id":226,"date":"2018-05-15T14:30:42","date_gmt":"2018-05-15T14:30:42","guid":{"rendered":"http:\/\/felton.es\/?post_type=product&#038;p=226"},"modified":"2023-11-28T19:18:40","modified_gmt":"2023-11-28T17:18:40","slug":"pintura-luminiscente","status":"publish","type":"product","link":"https:\/\/felton.es\/index.php\/producto\/pintura-luminiscente\/","title":{"rendered":"PINTURA LUMINISCENTE"},"content":{"rendered":"<div class=\"wpb-content-wrapper\"><p>[vc_row][vc_column width=\u00bb1\/2&#8243;][\/vc_column][vc_column width=\u00bb1\/3&#8243;][vc_custom_heading text=\u00bbDESCRIPCI\u00d3N\u00bb][vc_column_text]Pintura fotoluminiscente compuesta por pigmentos especiales que se cargan con la luz y se hace visible en la oscuridad. Ideal para se\u00f1alizar salidas de emergencia y en general en estancias sin iluminaci\u00f3n donde se necesite se\u00f1alizaci\u00f3n. Para obtener un mayor efecto lum\u00ednico se recomienda aplicar sobre imprimaci\u00f3n blanca Felton.[\/vc_column_text][vc_custom_heading text=\u00bbFORMATO\u00bb]\n    <div class=\"formats\">\n    <div class=\"vc_col-sm-12\">\n    \n\t\t\t<img decoding=\"async\" src=\"\/icones-productes\/formats\/400.png\" class=\"attachment-full\" alt=\"400\" title=\"400\" width=\"25%\">\n\t\t\n\t\t<div class=\"vc_empty_space\" style=\"height: 24px\">\n\t\t\t<span class=\"vc_empty_space_inner\"><\/span>\n\t\t<\/div>\n\t<\/div><\/div>[vc_custom_heading text=\u00bbCARACTER\u00cdSTICAS\u00bb]\n    <div class=\"caracteristiques\">\n    <div class=\"vc_col-sm-12\">\n    \n\t\t\t<img decoding=\"async\" src=\"\/icones-productes\/caracteristiques\/calidad.png\" class=\"attachment-full\" alt=\"calidad\" title=\"calidad\" width=\"25%\">\n\t\t\t<img decoding=\"async\" src=\"\/icones-productes\/caracteristiques\/secado.png\" class=\"attachment-full\" alt=\"secado\" title=\"secado\" width=\"25%\">\n\t\t\t<img decoding=\"async\" src=\"\/icones-productes\/caracteristiques\/visible.png\" class=\"attachment-full\" alt=\"visible\" title=\"visible\" width=\"25%\">\n\t\t<div class=\"vc_empty_space\" style=\"height: 24px\">\n\t\t\t<span class=\"vc_empty_space_inner\"><\/span>\n\t\t<\/div>\n\t<\/div><\/div>[\/vc_column][\/vc_row][vc_row full_width=\u00bbstretch_row\u00bb css=\u00bb.vc_custom_1525907182017{background-color: #f3f3f2 !important;}\u00bb][vc_column width=\u00bb1\/2&#8243;][vc_custom_heading text=\u00bbCOLORES DISPONIBLES\u00bb]\n    <div class=\"colors\">\n    <div class=\"vc_col-sm-12\">\n    <img decoding=\"async\" src=\"\/icones-productes\/colors\/COLOR_-GLOW_IN_THE_DARK_BLUE.png\" class=\"attachment-full\" alt=\"COLOR_-GLOW_IN_THE_DARK_BLUE.png\" title=\"GLOW IN THE DARK BLUE\" width=\"40%\" style=\"padding-bottom: 5px; padding-left: 8px;\"><img decoding=\"async\" src=\"\/icones-productes\/colors\/COLOR_-GLOW_IN_THE_DARK_GREY.png\" class=\"attachment-full\" alt=\"COLOR_-GLOW_IN_THE_DARK_GREY.png\" title=\"GLOW IN THE DARK GREY\" width=\"40%\" style=\"padding-bottom: 5px; padding-left: 8px;\">\n\t\t<div class=\"vc_empty_space\" style=\"height: 24px\">\n\t\t\t<span class=\"vc_empty_space_inner\"><\/span>\n\t\t<\/div>\n\t<\/div><\/div>[\/vc_column][vc_column width=\u00bb1\/2&#8243;][vc_custom_heading text=\u00bbTABLA DE CODIGOS\u00bb][vc_single_image image=\u00bb227&#8243; img_size=\u00bbfull\u00bb][\/vc_column][\/vc_row]<\/p>\n<\/div>","protected":false},"excerpt":{"rendered":"<p>[vc_row][vc_column width=\u00bb1\/2&#8243;][\/vc_column][vc_column width=\u00bb1\/3&#8243;][vc_custom_heading text=\u00bbDESCRIPCI\u00d3N\u00bb][vc_column_text]Pintura fotoluminiscente compuesta por pigmentos especiales que se cargan con la luz y se hace visible en la oscuridad. Ideal para se\u00f1alizar salidas de emergencia y en general en estancias sin iluminaci\u00f3n donde se necesite se\u00f1alizaci\u00f3n. Para obtener un mayor efecto lum\u00ednico se recomienda aplicar sobre imprimaci\u00f3n blanca Felton.[\/vc_column_text][vc_custom_heading text=\u00bbFORMATO\u00bb][vc_custom_heading text=\u00bbCARACTER\u00cdSTICAS\u00bb][\/vc_column][\/vc_row][vc_row full_width=\u00bbstretch_row\u00bb [&hellip;]<\/p>\n","protected":false},"featured_media":228,"template":"","meta":{"_acf_changed":false},"product_brand":[],"product_cat":[23],"product_tag":[],"class_list":{"0":"post-226","1":"product","2":"type-product","3":"status-publish","4":"has-post-thumbnail","6":"product_cat-fluor","8":"first","9":"instock","10":"shipping-taxable","11":"product-type-simple"},"acf":[],"_links":{"self":[{"href":"https:\/\/felton.es\/index.php\/wp-json\/wp\/v2\/product\/226","targetHints":{"allow":["GET"]}}],"collection":[{"href":"https:\/\/felton.es\/index.php\/wp-json\/wp\/v2\/product"}],"about":[{"href":"https:\/\/felton.es\/index.php\/wp-json\/wp\/v2\/types\/product"}],"wp:featuredmedia":[{"embeddable":true,"href":"https:\/\/felton.es\/index.php\/wp-json\/wp\/v2\/media\/228"}],"wp:attachment":[{"href":"https:\/\/felton.es\/index.php\/wp-json\/wp\/v2\/media?parent=226"}],"wp:term":[{"taxonomy":"product_brand","embeddable":true,"href":"https:\/\/felton.es\/index.php\/wp-json\/wp\/v2\/product_brand?post=226"},{"taxonomy":"product_cat","embeddable":true,"href":"https:\/\/felton.es\/index.php\/wp-json\/wp\/v2\/product_cat?post=226"},{"taxonomy":"product_tag","embeddable":true,"href":"https:\/\/felton.es\/index.php\/wp-json\/wp\/v2\/product_tag?post=226"}],"curies":[{"name":"wp","href":"https:\/\/api.w.org\/{rel}","templated":true}]}}