{"id":221,"date":"2018-05-15T14:26:03","date_gmt":"2018-05-15T14:26:03","guid":{"rendered":"http:\/\/felton.es\/?post_type=product&#038;p=221"},"modified":"2025-05-19T15:36:28","modified_gmt":"2025-05-19T13:36:28","slug":"blanco-electrodomestico","status":"publish","type":"product","link":"https:\/\/felton.es\/index.php\/producto\/blanco-electrodomestico\/","title":{"rendered":"BLANCO ELECTRODOM\u00c9STICO"},"content":{"rendered":"<div class=\"wpb-content-wrapper\"><p>[vc_row][vc_column width=\u00bb1\/2&#8243;][\/vc_column][vc_column width=\u00bb1\/3&#8243;][vc_custom_heading text=\u00bbDESCRIPCI\u00d3N\u00bb][vc_column_text]Indicado especialmente para la reparaci\u00f3n de ara\u00f1azos y da\u00f1os similares. Sobre superficies oxidadas, aplicar antes la imprimaci\u00f3n sint\u00e9tica de Felton o el convertidor de \u00f3xido Felton. No aplicar en el interior de electrodom\u00e9sticos.[\/vc_column_text][vc_custom_heading text=\u00bbFORMATO\u00bb]\n    <div class=\"formats\">\n    <div class=\"vc_col-sm-12\">\n    \n\t\t\t<img decoding=\"async\" src=\"\/icones-productes\/formats\/200.png\" class=\"attachment-full\" alt=\"200\" title=\"200\" width=\"25%\">\n\t\t\t<img decoding=\"async\" src=\"\/icones-productes\/formats\/400.png\" class=\"attachment-full\" alt=\"400\" title=\"400\" width=\"25%\">\n\t\t\n\t\t<div class=\"vc_empty_space\" style=\"height: 24px\">\n\t\t\t<span class=\"vc_empty_space_inner\"><\/span>\n\t\t<\/div>\n\t<\/div><\/div>[vc_custom_heading text=\u00bbCARACTER\u00cdSTICAS\u00bb]\n    <div class=\"caracteristiques\">\n    <div class=\"vc_col-sm-12\">\n    \n\t\t\t<img decoding=\"async\" src=\"\/icones-productes\/caracteristiques\/calidad.png\" class=\"attachment-full\" alt=\"calidad\" title=\"calidad\" width=\"25%\">\n\t\t\t<img decoding=\"async\" src=\"\/icones-productes\/caracteristiques\/secado.png\" class=\"attachment-full\" alt=\"secado\" title=\"secado\" width=\"25%\">\n\t\t<div class=\"vc_empty_space\" style=\"height: 24px\">\n\t\t\t<span class=\"vc_empty_space_inner\"><\/span>\n\t\t<\/div>\n\t<\/div><\/div>[\/vc_column][\/vc_row][vc_row full_width=\u00bbstretch_row\u00bb css=\u00bb.vc_custom_1525907182017{background-color: #f3f3f2 !important;}\u00bb][vc_column width=\u00bb1\/2&#8243;][vc_custom_heading text=\u00bbCOLORES DISPONIBLES\u00bb]\n    <div class=\"colors\">\n    <div class=\"vc_col-sm-12\">\n    <img decoding=\"async\" src=\"\/icones-productes\/colors\/COLOR_-01-BLANCO.png\" class=\"attachment-full\" alt=\"COLOR_-01-BLANCO.png\" title=\" BLANCO\" width=\"19%\" style=\"padding-bottom: 5px; padding-left: 8px;\">\n\t\t<div class=\"vc_empty_space\" style=\"height: 24px\">\n\t\t\t<span class=\"vc_empty_space_inner\"><\/span>\n\t\t<\/div>\n\t<\/div><\/div>[\/vc_column][vc_column width=\u00bb1\/2&#8243;][vc_custom_heading text=\u00bbTABLA DE CODIGOS\u00bb][vc_single_image image=\u00bb222&#8243; img_size=\u00bbfull\u00bb][\/vc_column][\/vc_row]<\/p>\n<\/div>","protected":false},"excerpt":{"rendered":"<p>[vc_row][vc_column width=\u00bb1\/2&#8243;][\/vc_column][vc_column width=\u00bb1\/3&#8243;][vc_custom_heading text=\u00bbDESCRIPCI\u00d3N\u00bb][vc_column_text]Indicado especialmente para la reparaci\u00f3n de ara\u00f1azos y da\u00f1os similares. Sobre superficies oxidadas, aplicar antes la imprimaci\u00f3n sint\u00e9tica de Felton o el convertidor de \u00f3xido Felton. No aplicar en el interior de electrodom\u00e9sticos.[\/vc_column_text][vc_custom_heading text=\u00bbFORMATO\u00bb][vc_custom_heading text=\u00bbCARACTER\u00cdSTICAS\u00bb][\/vc_column][\/vc_row][vc_row full_width=\u00bbstretch_row\u00bb css=\u00bb.vc_custom_1525907182017{background-color: #f3f3f2 !important;}\u00bb][vc_column width=\u00bb1\/2&#8243;][vc_custom_heading text=\u00bbCOLORES DISPONIBLES\u00bb][\/vc_column][vc_column width=\u00bb1\/2&#8243;][vc_custom_heading text=\u00bbTABLA DE CODIGOS\u00bb][vc_single_image image=\u00bb222&#8243; img_size=\u00bbfull\u00bb][\/vc_column][\/vc_row]<\/p>\n","protected":false},"featured_media":681,"template":"","meta":{"_acf_changed":false},"product_brand":[],"product_cat":[21,17],"product_tag":[],"class_list":{"0":"post-221","1":"product","2":"type-product","3":"status-publish","4":"has-post-thumbnail","6":"product_cat-arts-crafts","7":"product_cat-dekor","9":"first","10":"instock","11":"shipping-taxable","12":"product-type-simple"},"acf":[],"_links":{"self":[{"href":"https:\/\/felton.es\/index.php\/wp-json\/wp\/v2\/product\/221","targetHints":{"allow":["GET"]}}],"collection":[{"href":"https:\/\/felton.es\/index.php\/wp-json\/wp\/v2\/product"}],"about":[{"href":"https:\/\/felton.es\/index.php\/wp-json\/wp\/v2\/types\/product"}],"wp:featuredmedia":[{"embeddable":true,"href":"https:\/\/felton.es\/index.php\/wp-json\/wp\/v2\/media\/681"}],"wp:attachment":[{"href":"https:\/\/felton.es\/index.php\/wp-json\/wp\/v2\/media?parent=221"}],"wp:term":[{"taxonomy":"product_brand","embeddable":true,"href":"https:\/\/felton.es\/index.php\/wp-json\/wp\/v2\/product_brand?post=221"},{"taxonomy":"product_cat","embeddable":true,"href":"https:\/\/felton.es\/index.php\/wp-json\/wp\/v2\/product_cat?post=221"},{"taxonomy":"product_tag","embeddable":true,"href":"https:\/\/felton.es\/index.php\/wp-json\/wp\/v2\/product_tag?post=221"}],"curies":[{"name":"wp","href":"https:\/\/api.w.org\/{rel}","templated":true}]}}